{"id":1351,"date":"2014-12-22T07:59:09","date_gmt":"2014-12-22T07:59:09","guid":{"rendered":"http:\/\/aaika.devn.co\/?page_id=1351"},"modified":"2023-12-27T10:12:59","modified_gmt":"2023-12-27T13:12:59","slug":"contato","status":"publish","type":"page","link":"https:\/\/www.difusorabd.com.br\/site\/contato\/","title":{"rendered":"Contato"},"content":{"rendered":"<section class=\"wpb-content-wrapper\"><p>[vc_row][vc_column]<div class=\" stcode_title2\"><h3><span class=\"line\"><\/span><span class=\"line2\"><\/span><span class=\"text\">Fale <strong>Conosco<\/strong><\/span><\/h3><\/div>[\/vc_column][\/vc_row][vc_row bg_color=&#8221;#f3f3f3&#8243;][vc_column width=&#8221;2\/3&#8243;][vc_column_text]<\/p>\n<div class=\"cforms\">\n<div class=\"wpcf7 no-js\" id=\"wpcf7-f1791-o1\" lang=\"en-US\" dir=\"ltr\">\n<div class=\"screen-reader-response\"><p role=\"status\" aria-live=\"polite\" aria-atomic=\"true\"><\/p> <ul><\/ul><\/div>\n<form action=\"\/site\/wp-json\/wp\/v2\/pages\/1351#wpcf7-f1791-o1\" method=\"post\" class=\"wpcf7-form init\" aria-label=\"Contact form\" novalidate=\"novalidate\" data-status=\"init\">\n<div style=\"display: none;\">\n<input type=\"hidden\" name=\"_wpcf7\" value=\"1791\" \/>\n<input type=\"hidden\" name=\"_wpcf7_version\" value=\"5.8.5\" \/>\n<input type=\"hidden\" name=\"_wpcf7_locale\" value=\"en_US\" \/>\n<input type=\"hidden\" name=\"_wpcf7_unit_tag\" value=\"wpcf7-f1791-o1\" \/>\n<input type=\"hidden\" name=\"_wpcf7_container_post\" value=\"0\" \/>\n<input type=\"hidden\" name=\"_wpcf7_posted_data_hash\" value=\"\" \/>\n<\/div>\n<div class=\"devn-form\">\n\t<fieldset>\n\t\t<div class=\"row\">\n\t\t\t<section class=\"col col-6 wpcf7-form-control-wrap text-name\">\n\t\t\t\t<p><label class=\"label\">Seu Nome<\/label><label class=\"input\"> <i class=\"fa fa-user\"><\/i><span class=\"wpcf7-form-control-wrap\" data-name=\"your-name\"><input size=\"40\" class=\"wpcf7-form-control wpcf7-text wpcf7-validates-as-required\" aria-required=\"true\" aria-invalid=\"false\" value=\"\" type=\"text\" name=\"your-name\" \/><\/span><\/label>\n\t\t\t\t<\/p>\n\t\t\t<\/section>\n\t\t\t<section class=\"col col-6 wpcf7-form-control-wrap text-email\">\n\t\t\t\t<p><label class=\"label\">E-mail<\/label><label class=\"input\"> <i class=\"fa fa-envelope\"><\/i><span class=\"wpcf7-form-control-wrap\" data-name=\"email\"><input size=\"40\" class=\"wpcf7-form-control wpcf7-email wpcf7-validates-as-required wpcf7-text wpcf7-validates-as-email\" aria-required=\"true\" aria-invalid=\"false\" value=\"\" type=\"email\" name=\"email\" \/><\/span><\/label>\n\t\t\t\t<\/p>\n\t\t\t<\/section>\n\t\t<\/div>\n\t\t<section class=\"wpcf7-form-control-wrap text-subject\">\n\t\t\t<p><label class=\"label\">Assunto<\/label><label class=\"input\"> <i class=\"fa fa-tag\"><\/i><span class=\"wpcf7-form-control-wrap\" data-name=\"subject\"><input size=\"40\" class=\"wpcf7-form-control wpcf7-text wpcf7-validates-as-required\" aria-required=\"true\" aria-invalid=\"false\" value=\"\" type=\"text\" name=\"subject\" \/><\/span><\/label>\n\t\t\t<\/p>\n\t\t<\/section>\n\t\t<section>\n\t\t\t<p><label class=\"label\">Mensagem<\/label><label class=\"textarea\"> <i class=\"fa fa-comment\"><\/i><span class=\"wpcf7-form-control-wrap\" data-name=\"message\"><textarea cols=\"40\" rows=\"4\" class=\"wpcf7-form-control wpcf7-textarea wpcf7-validates-as-required\" aria-required=\"true\" aria-invalid=\"false\" name=\"message\"><\/textarea><\/span><\/label>\n\t\t\t<\/p>\n\t\t<\/section>\n\t<\/fieldset>\n\t<footer>\n\t\t<p><input class=\"wpcf7-form-control wpcf7-submit has-spinner btn btn-primary\" type=\"submit\" value=\"Enviar\" \/>\n\t\t<\/p>\n\t<\/footer>\n\t<p>&nbsp;\n\t<\/p>\n<\/div><div class=\"wpcf7-response-output\" aria-hidden=\"true\"><\/div>\n<\/form>\n<\/div>\n<\/div>\n<p>[\/vc_column_text][\/vc_column][vc_column width=&#8221;1\/3&#8243;][vc_column_text]<\/p>\n<div class=\"address_info two\">\n<h4 class=\"class=\">Dados de Contato<\/h4>\n<p><strong>Endere\u00e7o:<\/strong><br \/>\nRua Dr. Jos\u00e9 Gon\u00e7alves, n\u00aa 17. Conjunto 107.<br \/>\nCentro &#8211; Bom Despacho\/MG.<\/p>\n<p><strong>Telefone:<\/strong> 37 3522-4111<br \/>\n<strong>E-mail:<\/strong>\u00a0<a href=\"mailto:contato@difusorabd.com.br\" target=\"_blank\" rel=\"noopener\">contato@difusorabd.com.br<\/a><br \/>\n<a href=\"https:\/\/www.instagram.com\/difusorabd\/\" target=\"_blank\" rel=\"noopener\"><strong>instagram<\/strong>.com\/difusorabd<\/a><\/p>\n<p><strong>Hor\u00e1rio da Atendimento:<\/strong><br \/>\nDe Segunda \u00e0 Sexta \u2013 08h00 \u00e0s 17h00<\/p>\n<\/div>\n<p>[\/vc_column_text][\/vc_column][\/vc_row]<\/p>\n<\/section>","protected":false},"excerpt":{"rendered":"<p>[vc_row][vc_column][\/vc_column][\/vc_row][vc_row bg_color=&#8221;#f3f3f3&#8243;][vc_column width=&#8221;2\/3&#8243;][vc_column_text] [\/vc_column_text][\/vc_column][vc_column width=&#8221;1\/3&#8243;][vc_column_text] Dados de Contato Endere\u00e7o: Rua Dr. Jos\u00e9 Gon\u00e7alves, n\u00aa 17. Conjunto 107. Centro &#8211; Bom Despacho\/MG. Telefone: 37 3522-4111 E-mail:\u00a0contato@difusorabd.com.br instagram.com\/difusorabd Hor\u00e1rio da Atendimento: De Segunda \u00e0 Sexta \u2013 08h00 \u00e0s 17h00 [\/vc_column_text][\/vc_column][\/vc_row]<\/p>\n","protected":false},"author":1,"featured_media":0,"parent":0,"menu_order":0,"comment_status":"open","ping_status":"open","template":"","meta":{"footnotes":""},"yoast_head":"<!-- This site is optimized with the Yoast SEO plugin v21.7 - https:\/\/yoast.com\/wordpress\/plugins\/seo\/ -->\n<title>Contato | R\u00e1dio Difusora Bondespachense<\/title>\n<meta name=\"description\" content=\"Entre em contato com a R\u00e1dio Difusora de Bom Despacho-MG. Ligue 37 3522-4111 ou nos envie um e-mail pelo contato@difusorabd.com.br\" \/>\n<meta name=\"robots\" content=\"index, follow, max-snippet:-1, max-image-preview:large, max-video-preview:-1\" \/>\n<link rel=\"canonical\" href=\"https:\/\/www.difusorabd.com.br\/site\/contato\/\" \/>\n<meta property=\"og:locale\" content=\"pt_BR\" \/>\n<meta property=\"og:type\" content=\"article\" \/>\n<meta property=\"og:title\" content=\"Contato | R\u00e1dio Difusora Bondespachense\" \/>\n<meta property=\"og:description\" content=\"Entre em contato com a R\u00e1dio Difusora de Bom Despacho-MG. Ligue 37 3522-4111 ou nos envie um e-mail pelo contato@difusorabd.com.br\" \/>\n<meta property=\"og:url\" content=\"https:\/\/www.difusorabd.com.br\/site\/contato\/\" \/>\n<meta property=\"og:site_name\" content=\"R\u00e1dio Difusora Bondespachense\" \/>\n<meta property=\"article:modified_time\" content=\"2023-12-27T13:12:59+00:00\" \/>\n<meta property=\"og:image\" content=\"http:\/\/www.difusorabd.com.br\/site\/wp-content\/uploads\/2014\/12\/radiodifusora.png\" \/>\n<meta name=\"twitter:card\" content=\"summary_large_image\" \/>\n<meta name=\"twitter:title\" content=\"Contato | R\u00e1dio Difusora Bondespachense\" \/>\n<meta name=\"twitter:description\" content=\"Entre em contato com a R\u00e1dio Difusora de Bom Despacho-MG. Ligue 37 3522-4111 ou nos envie um e-mail pelo contato@difusorabd.com.br\" \/>\n<meta name=\"twitter:image\" content=\"http:\/\/www.difusorabd.com.br\/site\/wp-content\/uploads\/2014\/12\/radiodifusora.png\" \/>\n<meta name=\"twitter:label1\" content=\"Est. tempo de leitura\" \/>\n\t<meta name=\"twitter:data1\" content=\"1 minuto\" \/>\n<script type=\"application\/ld+json\" class=\"yoast-schema-graph\">{\"@context\":\"https:\/\/schema.org\",\"@graph\":[{\"@type\":\"WebPage\",\"@id\":\"https:\/\/www.difusorabd.com.br\/site\/contato\/\",\"url\":\"https:\/\/www.difusorabd.com.br\/site\/contato\/\",\"name\":\"Contato | R\u00e1dio Difusora Bondespachense\",\"isPartOf\":{\"@id\":\"https:\/\/www.difusorabd.com.br\/site\/#website\"},\"datePublished\":\"2014-12-22T07:59:09+00:00\",\"dateModified\":\"2023-12-27T13:12:59+00:00\",\"description\":\"Entre em contato com a R\u00e1dio Difusora de Bom Despacho-MG. Ligue 37 3522-4111 ou nos envie um e-mail pelo contato@difusorabd.com.br\",\"breadcrumb\":{\"@id\":\"https:\/\/www.difusorabd.com.br\/site\/contato\/#breadcrumb\"},\"inLanguage\":\"pt-BR\",\"potentialAction\":[{\"@type\":\"ReadAction\",\"target\":[\"https:\/\/www.difusorabd.com.br\/site\/contato\/\"]}]},{\"@type\":\"BreadcrumbList\",\"@id\":\"https:\/\/www.difusorabd.com.br\/site\/contato\/#breadcrumb\",\"itemListElement\":[{\"@type\":\"ListItem\",\"position\":1,\"name\":\"In\u00edcio\",\"item\":\"https:\/\/www.difusorabd.com.br\/site\/\"},{\"@type\":\"ListItem\",\"position\":2,\"name\":\"Contato\"}]},{\"@type\":\"WebSite\",\"@id\":\"https:\/\/www.difusorabd.com.br\/site\/#website\",\"url\":\"https:\/\/www.difusorabd.com.br\/site\/\",\"name\":\"R\u00e1dio Difusora Bondespachense\",\"description\":\"Bom Despacho\/MG\",\"potentialAction\":[{\"@type\":\"SearchAction\",\"target\":{\"@type\":\"EntryPoint\",\"urlTemplate\":\"https:\/\/www.difusorabd.com.br\/site\/?s={search_term_string}\"},\"query-input\":\"required name=search_term_string\"}],\"inLanguage\":\"pt-BR\"}]}<\/script>\n<!-- \/ Yoast SEO plugin. -->","yoast_head_json":{"title":"Contato | R\u00e1dio Difusora Bondespachense","description":"Entre em contato com a R\u00e1dio Difusora de Bom Despacho-MG. Ligue 37 3522-4111 ou nos envie um e-mail pelo contato@difusorabd.com.br","robots":{"index":"index","follow":"follow","max-snippet":"max-snippet:-1","max-image-preview":"max-image-preview:large","max-video-preview":"max-video-preview:-1"},"canonical":"https:\/\/www.difusorabd.com.br\/site\/contato\/","og_locale":"pt_BR","og_type":"article","og_title":"Contato | R\u00e1dio Difusora Bondespachense","og_description":"Entre em contato com a R\u00e1dio Difusora de Bom Despacho-MG. Ligue 37 3522-4111 ou nos envie um e-mail pelo contato@difusorabd.com.br","og_url":"https:\/\/www.difusorabd.com.br\/site\/contato\/","og_site_name":"R\u00e1dio Difusora Bondespachense","article_modified_time":"2023-12-27T13:12:59+00:00","og_image":[{"url":"http:\/\/www.difusorabd.com.br\/site\/wp-content\/uploads\/2014\/12\/radiodifusora.png"}],"twitter_card":"summary_large_image","twitter_title":"Contato | R\u00e1dio Difusora Bondespachense","twitter_description":"Entre em contato com a R\u00e1dio Difusora de Bom Despacho-MG. Ligue 37 3522-4111 ou nos envie um e-mail pelo contato@difusorabd.com.br","twitter_image":"http:\/\/www.difusorabd.com.br\/site\/wp-content\/uploads\/2014\/12\/radiodifusora.png","twitter_misc":{"Est. tempo de leitura":"1 minuto"},"schema":{"@context":"https:\/\/schema.org","@graph":[{"@type":"WebPage","@id":"https:\/\/www.difusorabd.com.br\/site\/contato\/","url":"https:\/\/www.difusorabd.com.br\/site\/contato\/","name":"Contato | R\u00e1dio Difusora Bondespachense","isPartOf":{"@id":"https:\/\/www.difusorabd.com.br\/site\/#website"},"datePublished":"2014-12-22T07:59:09+00:00","dateModified":"2023-12-27T13:12:59+00:00","description":"Entre em contato com a R\u00e1dio Difusora de Bom Despacho-MG. Ligue 37 3522-4111 ou nos envie um e-mail pelo contato@difusorabd.com.br","breadcrumb":{"@id":"https:\/\/www.difusorabd.com.br\/site\/contato\/#breadcrumb"},"inLanguage":"pt-BR","potentialAction":[{"@type":"ReadAction","target":["https:\/\/www.difusorabd.com.br\/site\/contato\/"]}]},{"@type":"BreadcrumbList","@id":"https:\/\/www.difusorabd.com.br\/site\/contato\/#breadcrumb","itemListElement":[{"@type":"ListItem","position":1,"name":"In\u00edcio","item":"https:\/\/www.difusorabd.com.br\/site\/"},{"@type":"ListItem","position":2,"name":"Contato"}]},{"@type":"WebSite","@id":"https:\/\/www.difusorabd.com.br\/site\/#website","url":"https:\/\/www.difusorabd.com.br\/site\/","name":"R\u00e1dio Difusora Bondespachense","description":"Bom Despacho\/MG","potentialAction":[{"@type":"SearchAction","target":{"@type":"EntryPoint","urlTemplate":"https:\/\/www.difusorabd.com.br\/site\/?s={search_term_string}"},"query-input":"required name=search_term_string"}],"inLanguage":"pt-BR"}]}},"_links":{"self":[{"href":"https:\/\/www.difusorabd.com.br\/site\/wp-json\/wp\/v2\/pages\/1351"}],"collection":[{"href":"https:\/\/www.difusorabd.com.br\/site\/wp-json\/wp\/v2\/pages"}],"about":[{"href":"https:\/\/www.difusorabd.com.br\/site\/wp-json\/wp\/v2\/types\/page"}],"author":[{"embeddable":true,"href":"https:\/\/www.difusorabd.com.br\/site\/wp-json\/wp\/v2\/users\/1"}],"replies":[{"embeddable":true,"href":"https:\/\/www.difusorabd.com.br\/site\/wp-json\/wp\/v2\/comments?post=1351"}],"version-history":[{"count":15,"href":"https:\/\/www.difusorabd.com.br\/site\/wp-json\/wp\/v2\/pages\/1351\/revisions"}],"predecessor-version":[{"id":5450,"href":"https:\/\/www.difusorabd.com.br\/site\/wp-json\/wp\/v2\/pages\/1351\/revisions\/5450"}],"wp:attachment":[{"href":"https:\/\/www.difusorabd.com.br\/site\/wp-json\/wp\/v2\/media?parent=1351"}],"curies":[{"name":"wp","href":"https:\/\/api.w.org\/{rel}","templated":true}]}}