{"id":2906,"date":"2015-07-24T03:47:25","date_gmt":"2015-07-24T06:47:25","guid":{"rendered":"http:\/\/www.difusorabd.com.br\/site\/?page_id=2906"},"modified":"2015-08-04T18:22:47","modified_gmt":"2015-08-04T21:22:47","slug":"bomdespacho","status":"publish","type":"page","link":"https:\/\/www.difusorabd.com.br\/site\/noticias\/bomdespacho\/","title":{"rendered":"Bom Despacho"},"content":{"rendered":"<section class=\"wpb-content-wrapper\"><p>[vc_row devn_bg_repeat=&#8221;repeat-y&#8221; devn_no_mb=&#8221;no-margin&#8221; devn_row_type=&#8221;container&#8221;][vc_column width=&#8221;1\/1&#8243;]\n\n<div class=\"container\">\n\n\t\n\n\n\t\t\t\t<div id=\"devn-post-5333\" class=\"one_third \">\n\n\t\t\t\t\t<h4 class=\"head1line\">Origem: Festa de Reinado em Bom Despacho<\/h4>\n\n\t\t\t\t\t\n\t\t\t\t\t\t<a class=\"devn-post-thumbnail\" href=\"https:\/\/www.difusorabd.com.br\/site\/festa-reinado-bom-despacho\/\"><img loading=\"lazy\" decoding=\"async\" width=\"814\" height=\"363\" src=\"https:\/\/www.difusorabd.com.br\/site\/wp-content\/uploads\/2020\/06\/reinado-bom-despacho.jpg\" class=\"attachment-post-thumbnail size-post-thumbnail wp-post-image\" alt=\"\" srcset=\"https:\/\/www.difusorabd.com.br\/site\/wp-content\/uploads\/2020\/06\/reinado-bom-despacho.jpg 814w, https:\/\/www.difusorabd.com.br\/site\/wp-content\/uploads\/2020\/06\/reinado-bom-despacho-300x134.jpg 300w, https:\/\/www.difusorabd.com.br\/site\/wp-content\/uploads\/2020\/06\/reinado-bom-despacho-768x342.jpg 768w\" sizes=\"(max-width: 814px) 100vw, 814px\" \/><\/a>\n\n\t\t\t\t\t\n\t\t\t\t\t<p>\n\n\t\t\t\t\t\tA Festa do Reinado de Nossa Senhora do Ros\u00e1rio de Bom Despacho \u00e9 muito tradicional na cidade. Ocorre entre os meses de julho e agosto. Sendo esta data\n\t\t\t\t\t<\/p>\t\t\t\t\t\n\n\t\t\t\t\t<a href=\"https:\/\/www.difusorabd.com.br\/site\/festa-reinado-bom-despacho\/\" class=\"lfive\">\n\n\t\t\t\t\t\t<i class=\"fa fa-chevron-circle-right\"><\/i> &nbsp; Leia mais\n\t\t\t\t\t<\/a><p>&nbsp;<\/p>\n\n\t\t\t\t<\/div>\n\n\n\n\t\t\t\t\n\n\n\t\t\t\t<div id=\"devn-post-5326\" class=\"one_third \">\n\n\t\t\t\t\t<h4 class=\"head1line\">A Hist\u00f3ria de Bom Despacho<\/h4>\n\n\t\t\t\t\t\n\t\t\t\t\t\t<a class=\"devn-post-thumbnail\" href=\"https:\/\/www.difusorabd.com.br\/site\/historia-bom-despacho\/\"><img loading=\"lazy\" decoding=\"async\" width=\"814\" height=\"363\" src=\"https:\/\/www.difusorabd.com.br\/site\/wp-content\/uploads\/2020\/06\/bom-despacho-historia.jpg\" class=\"attachment-post-thumbnail size-post-thumbnail wp-post-image\" alt=\"\" srcset=\"https:\/\/www.difusorabd.com.br\/site\/wp-content\/uploads\/2020\/06\/bom-despacho-historia.jpg 814w, https:\/\/www.difusorabd.com.br\/site\/wp-content\/uploads\/2020\/06\/bom-despacho-historia-300x134.jpg 300w, https:\/\/www.difusorabd.com.br\/site\/wp-content\/uploads\/2020\/06\/bom-despacho-historia-768x342.jpg 768w\" sizes=\"(max-width: 814px) 100vw, 814px\" \/><\/a>\n\n\t\t\t\t\t\n\t\t\t\t\t<p>\n\n\t\t\t\t\t\tA hist\u00f3ria de Bom Despacho remonta aos tempos do Brasil colonial, onde a vasta regi\u00e3o da capitania de Minas Gerais era, em grande parte, coberta por d\n\t\t\t\t\t<\/p>\t\t\t\t\t\n\n\t\t\t\t\t<a href=\"https:\/\/www.difusorabd.com.br\/site\/historia-bom-despacho\/\" class=\"lfive\">\n\n\t\t\t\t\t\t<i class=\"fa fa-chevron-circle-right\"><\/i> &nbsp; Leia mais\n\t\t\t\t\t<\/a><p>&nbsp;<\/p>\n\n\t\t\t\t<\/div>\n\n\n\n\t\t\t\t\n<\/div>\n\n\n\n[\/vc_column][\/vc_row]<\/p>\n<\/section>","protected":false},"excerpt":{"rendered":"<p>[vc_row devn_bg_repeat=&#8221;repeat-y&#8221; devn_no_mb=&#8221;no-margin&#8221; devn_row_type=&#8221;container&#8221;][vc_column width=&#8221;1\/1&#8243;][\/vc_column][\/vc_row]<\/p>\n","protected":false},"author":1,"featured_media":0,"parent":1699,"menu_order":0,"comment_status":"open","ping_status":"closed","template":"templates\/page-right.php","meta":{"footnotes":""},"yoast_head":"<!-- This site is optimized with the Yoast SEO plugin v21.7 - https:\/\/yoast.com\/wordpress\/plugins\/seo\/ -->\n<title>Not\u00edcias de Bom Despacho | R\u00e1dio Difusora Bondespachense<\/title>\n<meta name=\"description\" content=\"As principais not\u00edcias de Bom Despacho e regi\u00e3o a R\u00e1dio Difusora leva at\u00e9 voc\u00ea. Aqui voc\u00ea fica sempre bem informado.\" \/>\n<meta name=\"robots\" content=\"index, follow, max-snippet:-1, max-image-preview:large, max-video-preview:-1\" \/>\n<link rel=\"canonical\" href=\"https:\/\/www.difusorabd.com.br\/site\/noticias\/bomdespacho\/\" \/>\n<meta property=\"og:locale\" content=\"pt_BR\" \/>\n<meta property=\"og:type\" content=\"article\" \/>\n<meta property=\"og:title\" content=\"Not\u00edcias de Bom Despacho | R\u00e1dio Difusora Bondespachense\" \/>\n<meta property=\"og:description\" content=\"As principais not\u00edcias de Bom Despacho e regi\u00e3o a R\u00e1dio Difusora leva at\u00e9 voc\u00ea. Aqui voc\u00ea fica sempre bem informado.\" \/>\n<meta property=\"og:url\" content=\"https:\/\/www.difusorabd.com.br\/site\/noticias\/bomdespacho\/\" \/>\n<meta property=\"og:site_name\" content=\"R\u00e1dio Difusora Bondespachense\" \/>\n<meta property=\"article:modified_time\" content=\"2015-08-04T21:22:47+00:00\" \/>\n<meta name=\"twitter:card\" content=\"summary_large_image\" \/>\n<script type=\"application\/ld+json\" class=\"yoast-schema-graph\">{\"@context\":\"https:\/\/schema.org\",\"@graph\":[{\"@type\":\"WebPage\",\"@id\":\"https:\/\/www.difusorabd.com.br\/site\/noticias\/bomdespacho\/\",\"url\":\"https:\/\/www.difusorabd.com.br\/site\/noticias\/bomdespacho\/\",\"name\":\"Not\u00edcias de Bom Despacho | R\u00e1dio Difusora Bondespachense\",\"isPartOf\":{\"@id\":\"https:\/\/www.difusorabd.com.br\/site\/#website\"},\"datePublished\":\"2015-07-24T06:47:25+00:00\",\"dateModified\":\"2015-08-04T21:22:47+00:00\",\"description\":\"As principais not\u00edcias de Bom Despacho e regi\u00e3o a R\u00e1dio Difusora leva at\u00e9 voc\u00ea. Aqui voc\u00ea fica sempre bem informado.\",\"breadcrumb\":{\"@id\":\"https:\/\/www.difusorabd.com.br\/site\/noticias\/bomdespacho\/#breadcrumb\"},\"inLanguage\":\"pt-BR\",\"potentialAction\":[{\"@type\":\"ReadAction\",\"target\":[\"https:\/\/www.difusorabd.com.br\/site\/noticias\/bomdespacho\/\"]}]},{\"@type\":\"BreadcrumbList\",\"@id\":\"https:\/\/www.difusorabd.com.br\/site\/noticias\/bomdespacho\/#breadcrumb\",\"itemListElement\":[{\"@type\":\"ListItem\",\"position\":1,\"name\":\"In\u00edcio\",\"item\":\"https:\/\/www.difusorabd.com.br\/site\/\"},{\"@type\":\"ListItem\",\"position\":2,\"name\":\"Not\u00edcias\",\"item\":\"https:\/\/www.difusorabd.com.br\/site\/noticias\/\"},{\"@type\":\"ListItem\",\"position\":3,\"name\":\"Bom Despacho\"}]},{\"@type\":\"WebSite\",\"@id\":\"https:\/\/www.difusorabd.com.br\/site\/#website\",\"url\":\"https:\/\/www.difusorabd.com.br\/site\/\",\"name\":\"R\u00e1dio Difusora Bondespachense\",\"description\":\"Bom Despacho\/MG\",\"potentialAction\":[{\"@type\":\"SearchAction\",\"target\":{\"@type\":\"EntryPoint\",\"urlTemplate\":\"https:\/\/www.difusorabd.com.br\/site\/?s={search_term_string}\"},\"query-input\":\"required name=search_term_string\"}],\"inLanguage\":\"pt-BR\"}]}<\/script>\n<!-- \/ Yoast SEO plugin. -->","yoast_head_json":{"title":"Not\u00edcias de Bom Despacho | R\u00e1dio Difusora Bondespachense","description":"As principais not\u00edcias de Bom Despacho e regi\u00e3o a R\u00e1dio Difusora leva at\u00e9 voc\u00ea. Aqui voc\u00ea fica sempre bem informado.","robots":{"index":"index","follow":"follow","max-snippet":"max-snippet:-1","max-image-preview":"max-image-preview:large","max-video-preview":"max-video-preview:-1"},"canonical":"https:\/\/www.difusorabd.com.br\/site\/noticias\/bomdespacho\/","og_locale":"pt_BR","og_type":"article","og_title":"Not\u00edcias de Bom Despacho | R\u00e1dio Difusora Bondespachense","og_description":"As principais not\u00edcias de Bom Despacho e regi\u00e3o a R\u00e1dio Difusora leva at\u00e9 voc\u00ea. Aqui voc\u00ea fica sempre bem informado.","og_url":"https:\/\/www.difusorabd.com.br\/site\/noticias\/bomdespacho\/","og_site_name":"R\u00e1dio Difusora Bondespachense","article_modified_time":"2015-08-04T21:22:47+00:00","twitter_card":"summary_large_image","schema":{"@context":"https:\/\/schema.org","@graph":[{"@type":"WebPage","@id":"https:\/\/www.difusorabd.com.br\/site\/noticias\/bomdespacho\/","url":"https:\/\/www.difusorabd.com.br\/site\/noticias\/bomdespacho\/","name":"Not\u00edcias de Bom Despacho | R\u00e1dio Difusora Bondespachense","isPartOf":{"@id":"https:\/\/www.difusorabd.com.br\/site\/#website"},"datePublished":"2015-07-24T06:47:25+00:00","dateModified":"2015-08-04T21:22:47+00:00","description":"As principais not\u00edcias de Bom Despacho e regi\u00e3o a R\u00e1dio Difusora leva at\u00e9 voc\u00ea. Aqui voc\u00ea fica sempre bem informado.","breadcrumb":{"@id":"https:\/\/www.difusorabd.com.br\/site\/noticias\/bomdespacho\/#breadcrumb"},"inLanguage":"pt-BR","potentialAction":[{"@type":"ReadAction","target":["https:\/\/www.difusorabd.com.br\/site\/noticias\/bomdespacho\/"]}]},{"@type":"BreadcrumbList","@id":"https:\/\/www.difusorabd.com.br\/site\/noticias\/bomdespacho\/#breadcrumb","itemListElement":[{"@type":"ListItem","position":1,"name":"In\u00edcio","item":"https:\/\/www.difusorabd.com.br\/site\/"},{"@type":"ListItem","position":2,"name":"Not\u00edcias","item":"https:\/\/www.difusorabd.com.br\/site\/noticias\/"},{"@type":"ListItem","position":3,"name":"Bom Despacho"}]},{"@type":"WebSite","@id":"https:\/\/www.difusorabd.com.br\/site\/#website","url":"https:\/\/www.difusorabd.com.br\/site\/","name":"R\u00e1dio Difusora Bondespachense","description":"Bom Despacho\/MG","potentialAction":[{"@type":"SearchAction","target":{"@type":"EntryPoint","urlTemplate":"https:\/\/www.difusorabd.com.br\/site\/?s={search_term_string}"},"query-input":"required name=search_term_string"}],"inLanguage":"pt-BR"}]}},"_links":{"self":[{"href":"https:\/\/www.difusorabd.com.br\/site\/wp-json\/wp\/v2\/pages\/2906"}],"collection":[{"href":"https:\/\/www.difusorabd.com.br\/site\/wp-json\/wp\/v2\/pages"}],"about":[{"href":"https:\/\/www.difusorabd.com.br\/site\/wp-json\/wp\/v2\/types\/page"}],"author":[{"embeddable":true,"href":"https:\/\/www.difusorabd.com.br\/site\/wp-json\/wp\/v2\/users\/1"}],"replies":[{"embeddable":true,"href":"https:\/\/www.difusorabd.com.br\/site\/wp-json\/wp\/v2\/comments?post=2906"}],"version-history":[{"count":3,"href":"https:\/\/www.difusorabd.com.br\/site\/wp-json\/wp\/v2\/pages\/2906\/revisions"}],"predecessor-version":[{"id":3287,"href":"https:\/\/www.difusorabd.com.br\/site\/wp-json\/wp\/v2\/pages\/2906\/revisions\/3287"}],"up":[{"embeddable":true,"href":"https:\/\/www.difusorabd.com.br\/site\/wp-json\/wp\/v2\/pages\/1699"}],"wp:attachment":[{"href":"https:\/\/www.difusorabd.com.br\/site\/wp-json\/wp\/v2\/media?parent=2906"}],"curies":[{"name":"wp","href":"https:\/\/api.w.org\/{rel}","templated":true}]}}