{"id":3309,"date":"2015-08-04T20:43:09","date_gmt":"2015-08-04T23:43:09","guid":{"rendered":"http:\/\/www.difusorabd.com.br\/site\/?page_id=3309"},"modified":"2023-12-22T11:42:11","modified_gmt":"2023-12-22T14:42:11","slug":"aovivo","status":"publish","type":"page","link":"https:\/\/www.difusorabd.com.br\/site\/aovivo\/","title":{"rendered":"Ao Vivo"},"content":{"rendered":"<section class=\"wpb-content-wrapper\"><p>[vc_row][vc_column]<div class=\" stcode_title2\"><h3><span class=\"line\"><\/span><span class=\"line2\"><\/span><span class=\"text\">Ou\u00e7a a <strong>Difusora<\/strong><\/span><\/h3><\/div>[vc_column_text]<\/p>\n<p>Para acompanhar a nossa programa\u00e7\u00e3o, e ficar sempre muito bem informado, basta utilizar o player abaixo:<\/p>\n<p>[\/vc_column_text][vc_empty_space][vc_column_text]<iframe loading=\"lazy\" src=\"https:\/\/player.conectastreaming.com\/player-home-page\/7040\" width=\"100%\" height=\"465\" frameborder=\"0\"><\/iframe>[\/vc_column_text][\/vc_column][\/vc_row]<\/p>\n<\/section>","protected":false},"excerpt":{"rendered":"<p>[vc_row][vc_column][vc_column_text] Para acompanhar a nossa programa\u00e7\u00e3o, e ficar sempre muito bem informado, basta utilizar o player abaixo: [\/vc_column_text][vc_empty_space][vc_column_text][\/vc_column_text][\/vc_column][\/vc_row]<\/p>\n","protected":false},"author":1,"featured_media":0,"parent":0,"menu_order":0,"comment_status":"open","ping_status":"open","template":"","meta":{"footnotes":""},"yoast_head":"<!-- This site is optimized with the Yoast SEO plugin v21.7 - https:\/\/yoast.com\/wordpress\/plugins\/seo\/ -->\n<title>Ao Vivo | R\u00e1dio Difusora Bondespachense<\/title>\n<meta name=\"description\" content=\"Ou\u00e7a em alta qualidade a programa\u00e7\u00e3o da R\u00e1dio Difusora Bondespachense (ao vivo) no seu computador ou celular.\" \/>\n<meta name=\"robots\" content=\"index, follow, max-snippet:-1, max-image-preview:large, max-video-preview:-1\" \/>\n<link rel=\"canonical\" href=\"https:\/\/www.difusorabd.com.br\/site\/aovivo\/\" \/>\n<meta property=\"og:locale\" content=\"pt_BR\" \/>\n<meta property=\"og:type\" content=\"article\" \/>\n<meta property=\"og:title\" content=\"Ao Vivo | R\u00e1dio Difusora Bondespachense\" \/>\n<meta property=\"og:description\" content=\"Ou\u00e7a em alta qualidade a programa\u00e7\u00e3o da R\u00e1dio Difusora Bondespachense (ao vivo) no seu computador ou celular.\" \/>\n<meta property=\"og:url\" content=\"https:\/\/www.difusorabd.com.br\/site\/aovivo\/\" \/>\n<meta property=\"og:site_name\" content=\"R\u00e1dio Difusora Bondespachense\" \/>\n<meta property=\"article:modified_time\" content=\"2023-12-22T14:42:11+00:00\" \/>\n<meta name=\"twitter:card\" content=\"summary_large_image\" \/>\n<meta name=\"twitter:label1\" content=\"Est. tempo de leitura\" \/>\n\t<meta name=\"twitter:data1\" content=\"1 minuto\" \/>\n<script type=\"application\/ld+json\" class=\"yoast-schema-graph\">{\"@context\":\"https:\/\/schema.org\",\"@graph\":[{\"@type\":\"WebPage\",\"@id\":\"https:\/\/www.difusorabd.com.br\/site\/aovivo\/\",\"url\":\"https:\/\/www.difusorabd.com.br\/site\/aovivo\/\",\"name\":\"Ao Vivo | R\u00e1dio Difusora Bondespachense\",\"isPartOf\":{\"@id\":\"https:\/\/www.difusorabd.com.br\/site\/#website\"},\"datePublished\":\"2015-08-04T23:43:09+00:00\",\"dateModified\":\"2023-12-22T14:42:11+00:00\",\"description\":\"Ou\u00e7a em alta qualidade a programa\u00e7\u00e3o da R\u00e1dio Difusora Bondespachense (ao vivo) no seu computador ou celular.\",\"breadcrumb\":{\"@id\":\"https:\/\/www.difusorabd.com.br\/site\/aovivo\/#breadcrumb\"},\"inLanguage\":\"pt-BR\",\"potentialAction\":[{\"@type\":\"ReadAction\",\"target\":[\"https:\/\/www.difusorabd.com.br\/site\/aovivo\/\"]}]},{\"@type\":\"BreadcrumbList\",\"@id\":\"https:\/\/www.difusorabd.com.br\/site\/aovivo\/#breadcrumb\",\"itemListElement\":[{\"@type\":\"ListItem\",\"position\":1,\"name\":\"In\u00edcio\",\"item\":\"https:\/\/www.difusorabd.com.br\/site\/\"},{\"@type\":\"ListItem\",\"position\":2,\"name\":\"Ao Vivo\"}]},{\"@type\":\"WebSite\",\"@id\":\"https:\/\/www.difusorabd.com.br\/site\/#website\",\"url\":\"https:\/\/www.difusorabd.com.br\/site\/\",\"name\":\"R\u00e1dio Difusora Bondespachense\",\"description\":\"Bom Despacho\/MG\",\"potentialAction\":[{\"@type\":\"SearchAction\",\"target\":{\"@type\":\"EntryPoint\",\"urlTemplate\":\"https:\/\/www.difusorabd.com.br\/site\/?s={search_term_string}\"},\"query-input\":\"required name=search_term_string\"}],\"inLanguage\":\"pt-BR\"}]}<\/script>\n<!-- \/ Yoast SEO plugin. -->","yoast_head_json":{"title":"Ao Vivo | R\u00e1dio Difusora Bondespachense","description":"Ou\u00e7a em alta qualidade a programa\u00e7\u00e3o da R\u00e1dio Difusora Bondespachense (ao vivo) no seu computador ou celular.","robots":{"index":"index","follow":"follow","max-snippet":"max-snippet:-1","max-image-preview":"max-image-preview:large","max-video-preview":"max-video-preview:-1"},"canonical":"https:\/\/www.difusorabd.com.br\/site\/aovivo\/","og_locale":"pt_BR","og_type":"article","og_title":"Ao Vivo | R\u00e1dio Difusora Bondespachense","og_description":"Ou\u00e7a em alta qualidade a programa\u00e7\u00e3o da R\u00e1dio Difusora Bondespachense (ao vivo) no seu computador ou celular.","og_url":"https:\/\/www.difusorabd.com.br\/site\/aovivo\/","og_site_name":"R\u00e1dio Difusora Bondespachense","article_modified_time":"2023-12-22T14:42:11+00:00","twitter_card":"summary_large_image","twitter_misc":{"Est. tempo de leitura":"1 minuto"},"schema":{"@context":"https:\/\/schema.org","@graph":[{"@type":"WebPage","@id":"https:\/\/www.difusorabd.com.br\/site\/aovivo\/","url":"https:\/\/www.difusorabd.com.br\/site\/aovivo\/","name":"Ao Vivo | R\u00e1dio Difusora Bondespachense","isPartOf":{"@id":"https:\/\/www.difusorabd.com.br\/site\/#website"},"datePublished":"2015-08-04T23:43:09+00:00","dateModified":"2023-12-22T14:42:11+00:00","description":"Ou\u00e7a em alta qualidade a programa\u00e7\u00e3o da R\u00e1dio Difusora Bondespachense (ao vivo) no seu computador ou celular.","breadcrumb":{"@id":"https:\/\/www.difusorabd.com.br\/site\/aovivo\/#breadcrumb"},"inLanguage":"pt-BR","potentialAction":[{"@type":"ReadAction","target":["https:\/\/www.difusorabd.com.br\/site\/aovivo\/"]}]},{"@type":"BreadcrumbList","@id":"https:\/\/www.difusorabd.com.br\/site\/aovivo\/#breadcrumb","itemListElement":[{"@type":"ListItem","position":1,"name":"In\u00edcio","item":"https:\/\/www.difusorabd.com.br\/site\/"},{"@type":"ListItem","position":2,"name":"Ao Vivo"}]},{"@type":"WebSite","@id":"https:\/\/www.difusorabd.com.br\/site\/#website","url":"https:\/\/www.difusorabd.com.br\/site\/","name":"R\u00e1dio Difusora Bondespachense","description":"Bom Despacho\/MG","potentialAction":[{"@type":"SearchAction","target":{"@type":"EntryPoint","urlTemplate":"https:\/\/www.difusorabd.com.br\/site\/?s={search_term_string}"},"query-input":"required name=search_term_string"}],"inLanguage":"pt-BR"}]}},"_links":{"self":[{"href":"https:\/\/www.difusorabd.com.br\/site\/wp-json\/wp\/v2\/pages\/3309"}],"collection":[{"href":"https:\/\/www.difusorabd.com.br\/site\/wp-json\/wp\/v2\/pages"}],"about":[{"href":"https:\/\/www.difusorabd.com.br\/site\/wp-json\/wp\/v2\/types\/page"}],"author":[{"embeddable":true,"href":"https:\/\/www.difusorabd.com.br\/site\/wp-json\/wp\/v2\/users\/1"}],"replies":[{"embeddable":true,"href":"https:\/\/www.difusorabd.com.br\/site\/wp-json\/wp\/v2\/comments?post=3309"}],"version-history":[{"count":44,"href":"https:\/\/www.difusorabd.com.br\/site\/wp-json\/wp\/v2\/pages\/3309\/revisions"}],"predecessor-version":[{"id":5430,"href":"https:\/\/www.difusorabd.com.br\/site\/wp-json\/wp\/v2\/pages\/3309\/revisions\/5430"}],"wp:attachment":[{"href":"https:\/\/www.difusorabd.com.br\/site\/wp-json\/wp\/v2\/media?parent=3309"}],"curies":[{"name":"wp","href":"https:\/\/api.w.org\/{rel}","templated":true}]}}